{"id":2805,"date":"2014-11-13T12:26:43","date_gmt":"2014-11-13T12:26:43","guid":{"rendered":"http:\/\/seventhqueen.com\/demo\/kleo\/?page_id=2805"},"modified":"2025-10-04T10:20:07","modified_gmt":"2025-10-04T08:20:07","slug":"inicio","status":"publish","type":"page","link":"https:\/\/www.ideagc.com\/en\/","title":{"rendered":"Home"},"content":{"rendered":"<p>[vc_row type=&#8221;image&#8221; bg_position=&#8221;center&#8221; bg_position_horizontal=&#8221;center&#8221; bg_image=&#8221;2015&#8243;][vc_column]<div  class=\"kleo-gap\" style=\"height:30px;line-height:30px;\"><\/div>[vc_column_text lead=&#8221;yes&#8221; animation=&#8221;animate-when-almost-visible&#8221; css_animation=&#8221;bottom-to-top&#8221; css=&#8221;.vc_custom_1479818155672{padding-right: 600px !important;}&#8221;]<\/p>\n<h2><strong>Idea Associaci\u00f3 Cultural<\/strong><\/h2>\n<p>[\/vc_column_text][vc_single_image image=&#8221;5178&#8243; img_size=&#8221;large&#8221; alignment=&#8221;center&#8221;][\/vc_column][\/vc_row][vc_row text_align=&#8221;center&#8221; type=&#8221;color&#8221; padding_top=&#8221;30&#8243; padding_bottom=&#8221;10&#8243;][vc_column][vc_row_inner][vc_column_inner width=&#8221;1\/3&#8243;]<span class=\"flexbox-container flexbox-center flexbox-justify-inline\"><i class=\"icon-cog-alt icon-2x\"style=\"padding: 0 5px\"><\/i>  <span class=\"kleo-icon-text\">CULTURAL MANAGEMENT<\/span><\/span>[vc_column_text]<\/p>\n<p style=\"text-align: justify;\">We promote interrelation, cooperation, and exchange among professionals in art, culture, and education, and cultural management professionals in their various areas: artistic, cultural, sociocultural, formative, and educational<\/p>\n<p>[\/vc_column_text][\/vc_column_inner][vc_column_inner width=&#8221;1\/3&#8243;]<span class=\"flexbox-container flexbox-center flexbox-justify-inline\"><i class=\"icon-shuffle icon-2x\"style=\"padding: 0 5px\"><\/i>  <span class=\"kleo-icon-text\">BUSINESS RELATIONS<\/span><\/span>[vc_column_text]<\/p>\n<p style=\"text-align: justify;\">We promote meetings between the economic and business sector (institutions, social entities, companies) and representative personalities or those related to the countries we collaborate with.<\/p>\n<p>[\/vc_column_text][\/vc_column_inner][vc_column_inner width=&#8221;1\/3&#8243;]<span class=\"flexbox-container flexbox-center flexbox-justify-inline\"><i class=\"icon-group icon-2x\"style=\"padding: 0 5px\"><\/i>  <span class=\"kleo-icon-text\">SOCIAL COMMITMENT<\/span><\/span>[vc_column_text]<\/p>\n<p style=\"text-align: justify;\">A strong conviction of service drives us to undertake various actions to generate capacities and skills that result in social changes contributing to the improvement of people&#8217;s lives.<\/p>\n<p>[\/vc_column_text][\/vc_column_inner][\/vc_row_inner]<div  class=\"kleo-gap\" style=\"height:50px;line-height:50px;\"><\/div>\t<div class=\" client-wrapper one-by-one-animated animate-when-almost-visible\">\n\t\t\n\t\t\t\n\t<\/div>\n\t\n[vc_masonry_grid post_type=&#8221;post&#8221; max_items=&#8221;4&#8243; show_filter=&#8221;yes&#8221; element_width=&#8221;3&#8243; filter_style=&#8221;bordered&#8221; filter_default_title=&#8221;Toda actualidad&#8221; filter_align=&#8221;left&#8221; filter_size=&#8221;sm&#8221; initial_loading_animation=&#8221;none&#8221; grid_id=&#8221;vc_gid:1759566216673-0e418f43-0130-4&#8243; filter_source=&#8221;category&#8221;]\n\t<div  class=\"hr-title hr-full hr-center\" style=\"\"><abbr><i class=\"\"><\/i> <\/abbr><\/div>[vc_cta h2=&#8221;Sona Amer &#8211; temporada estable de m\u00fasica a Amer&#8221; el_width=&#8221;lg&#8221; add_button=&#8221;right&#8221; btn_title=&#8221;M\u00e9s informaci\u00f3&#8221; btn_color=&#8221;green&#8221; btn_size=&#8221;lg&#8221; css_animation=&#8221;none&#8221; use_custom_fonts_h2=&#8221;true&#8221; btn_link=&#8221;url:https%3A%2F%2Fwww.ideagc.com%2Fen%2Fsona-amer-2026%2F|||&#8221;]<\/p>\n<h3><img loading=\"lazy\" decoding=\"async\" class=\"size-thumbnail wp-image-3473 alignleft\" src=\"https:\/\/www.ideagc.com\/wp-content\/uploads\/2017\/01\/Zrzut-ekranu-2017-01-30-o-21.20.23-150x144.png\" alt=\"\" width=\"150\" height=\"144\" srcset=\"https:\/\/www.ideagc.com\/wp-content\/uploads\/2017\/01\/Zrzut-ekranu-2017-01-30-o-21.20.23-150x144.png 150w, https:\/\/www.ideagc.com\/wp-content\/uploads\/2017\/01\/Zrzut-ekranu-2017-01-30-o-21.20.23-300x288.png 300w, https:\/\/www.ideagc.com\/wp-content\/uploads\/2017\/01\/Zrzut-ekranu-2017-01-30-o-21.20.23.png 611w\" sizes=\"auto, (max-width: 150px) 100vw, 150px\" \/><strong><span class=\"VIiyi\" lang=\"es\"><span class=\"JLqJ4b ChMk0b\" data-language-for-alternatives=\"es\" data-language-to-translate-into=\"ca\" data-phrase-index=\"0\">CICLE DE<\/span> <span class=\"JLqJ4b ChMk0b\" data-language-for-alternatives=\"es\" data-language-to-translate-into=\"ca\" data-phrase-index=\"1\">GRANS<\/span> <span class=\"JLqJ4b ChMk0b\" data-language-for-alternatives=\"es\" data-language-to-translate-into=\"ca\" data-phrase-index=\"2\">CONCERTS<\/span> <span class=\"JLqJ4b ChMk0b\" data-language-for-alternatives=\"es\" data-language-to-translate-into=\"ca\" data-phrase-index=\"3\">SONA<\/span> <span class=\"JLqJ4b ChMk0b\" data-language-for-alternatives=\"es\" data-language-to-translate-into=\"ca\" data-phrase-index=\"4\">AMER<\/span> <\/span><\/strong><\/h3>\n<p>ona Amer celebrates its 10th anniversary with a special edition featuring some of the greatest names in music: <strong data-start=\"542\" data-end=\"557\" data-is-only-node=\"\">Los Manolos<\/strong>, <strong data-start=\"559\" data-end=\"572\">Los Sirex<\/strong>, the <strong data-start=\"578\" data-end=\"603\">Sant Andreu Jazz Band<\/strong>, <strong data-start=\"605\" data-end=\"641\">Borja Penalba &amp; Vicent Colonques<\/strong>, <strong data-start=\"643\" data-end=\"698\">Sheryl Youngblood with Tota Blues &amp; Jos\u00e9 Luis Pardo<\/strong>, and <strong data-start=\"704\" data-end=\"716\">Lucrecia<\/strong>. Six unique concerts at Teatre El Casal d\u2019Amer to mark a decade of music, emotion and shared culture.[\/vc_cta]\n\t<div  class=\"hr-title hr-full hr-center\" style=\"\"><abbr><i class=\"\"><\/i> <\/abbr><\/div>[\/vc_column][\/vc_row][vc_row][vc_column width=&#8221;1\/4&#8243;][vc_widget_sidebar sidebar_id=&#8221;footer-1&#8243;][\/vc_column][vc_column width=&#8221;1\/2&#8243;][vc_widget_sidebar sidebar_id=&#8221;footer-2&#8243;][\/vc_column][vc_column width=&#8221;1\/4&#8243;][vc_widget_sidebar sidebar_id=&#8221;footer-4&#8243;][\/vc_column][\/vc_row]<\/p>","protected":false},"excerpt":{"rendered":"<p>[vc_row type=&#8221;image&#8221; bg_position=&#8221;center&#8221; bg_position_horizontal=&#8221;center&#8221; bg_image=&#8221;2015&#8243;][vc_column][vc_column_text lead=&#8221;yes&#8221; animation=&#8221;animate-when-almost-visible&#8221; css_animation=&#8221;bottom-to-top&#8221; css=&#8221;.vc_custom_1479818155672{padding-right: 600px !important;}&#8221;] Idea Associaci\u00f3 Cultural [\/vc_column_text][vc_single_image image=&#8221;5178&#8243; img_size=&#8221;large&#8221; alignment=&#8221;center&#8221;][\/vc_column][\/vc_row][vc_row text_align=&#8221;center&#8221; type=&#8221;color&#8221; padding_top=&#8221;30&#8243; padding_bottom=&#8221;10&#8243;][vc_column][vc_row_inner][vc_column_inner width=&#8221;1\/3&#8243;][vc_column_text] We promote interrelation, cooperation, and exchange among professionals in art, culture, and education, and cultural management professionals in their various areas: artistic, cultural, sociocultural, formative, and educational [\/vc_column_text][\/vc_column_inner][vc_column_inner width=&#8221;1\/3&#8243;][vc_column_text] We promote meetings between the economic and business [&hellip;]<\/p>\n","protected":false},"author":3,"featured_media":0,"parent":0,"menu_order":0,"comment_status":"open","ping_status":"open","template":"page-templates\/full-width.php","meta":{"om_disable_all_campaigns":false,"_exactmetrics_skip_tracking":false,"_exactmetrics_sitenote_active":false,"_exactmetrics_sitenote_note":"","_exactmetrics_sitenote_category":0,"_monsterinsights_skip_tracking":false,"_monsterinsights_sitenote_active":false,"_monsterinsights_sitenote_note":"","_monsterinsights_sitenote_category":0,"_uf_show_specific_survey":0,"_uf_disable_surveys":false,"footnotes":""},"class_list":["post-2805","page","type-page","status-publish","hentry"],"aioseo_notices":[],"_links":{"self":[{"href":"https:\/\/www.ideagc.com\/en\/wp-json\/wp\/v2\/pages\/2805","targetHints":{"allow":["GET"]}}],"collection":[{"href":"https:\/\/www.ideagc.com\/en\/wp-json\/wp\/v2\/pages"}],"about":[{"href":"https:\/\/www.ideagc.com\/en\/wp-json\/wp\/v2\/types\/page"}],"author":[{"embeddable":true,"href":"https:\/\/www.ideagc.com\/en\/wp-json\/wp\/v2\/users\/3"}],"replies":[{"embeddable":true,"href":"https:\/\/www.ideagc.com\/en\/wp-json\/wp\/v2\/comments?post=2805"}],"version-history":[{"count":28,"href":"https:\/\/www.ideagc.com\/en\/wp-json\/wp\/v2\/pages\/2805\/revisions"}],"predecessor-version":[{"id":5302,"href":"https:\/\/www.ideagc.com\/en\/wp-json\/wp\/v2\/pages\/2805\/revisions\/5302"}],"wp:attachment":[{"href":"https:\/\/www.ideagc.com\/en\/wp-json\/wp\/v2\/media?parent=2805"}],"curies":[{"name":"wp","href":"https:\/\/api.w.org\/{rel}","templated":true}]}}